{"id":102,"date":"2022-05-19T14:02:02","date_gmt":"2022-05-19T10:02:02","guid":{"rendered":"https:\/\/www.altavantconsulting.com\/?page_id=102"},"modified":"2024-08-06T12:06:45","modified_gmt":"2024-08-06T08:06:45","slug":"odoo-manual-template","status":"publish","type":"page","link":"https:\/\/altavantconsulting.com\/fr\/odoo-manual-template\/","title":{"rendered":"Odoo &#8211; Manual Template"},"content":{"rendered":"<div class=\"banner-bg right-top\"><img decoding=\"async\" src=\"https:\/\/www.altavantconsulting.com\/wp-content\/uploads\/2021\/07\/inner-page-pt.png\" alt=\"\" \/><\/div>\n<section class=\"banner-section internal-banner analyticalways-banner position-relative\" style=\"max-height: 930px;\">\n<div class=\"image-box\"><\/div>\n<div class=\"caption\">\n<div class=\"container\">\n<div class=\"wow fadeInUp\" style=\"visibility: visible; animation-delay: 0.4s; animation-name: fadeInUp;\" data-wow-delay=\"0.4s\">\n<div class=\"banner-logo\"><img decoding=\"async\" src=\"https:\/\/odoocdn.com\/openerp_website\/static\/src\/img\/assets\/png\/odoo_logo.png\" alt=\"\" \/><\/div>\n<h1>A Full Suite of Business Apps for Every Need.<\/h1>\n<div class=\"banner-content d-flex flex-row\">\n<div style=\"flex: .5;\">\n<div class=\"content-list1 list-style\">\n<ul>\n<li>GRC<\/li>\n<li>eCommerce<\/li>\n<li>Accounting<\/li>\n<li>Point of sale<\/li>\n<li>Inventory<\/li>\n<li>Project management<\/li>\n<li>and many more&#8230;<\/li>\n<\/ul>\n<\/div>\n<\/div>\n<div class=\"icon-with-counter align-items-center\" style=\"flex: 2;\">\n<div class=\"number position-relative\">\n<div><small>A Great Fit for Every Small and Large Businesses<\/small><\/div>\n<p>The only platform you will ever need to help run your business: integrated apps, kept simple, and loved by millions of happy users.<\/p>\n<\/div>\n<div class=\"number position-relative\">\n<div><small>Mission<\/small><\/div>\n<p>To provide software that is intuitive, full-featured, tightly integrated, effortless to upgrade, all while running smoothly for every business, every user including a range of easy-to-use business applications that form a complete suite of tools to accompany any business need to run and expand.<\/p>\n<\/div>\n<\/div>\n<\/div>\n<\/div>\n<\/div>\n<\/div>\n<\/section>\n<section class=\"analyticalways-section1 odoo-section odoo-section-statistic pb-3\">\n<div class=\"container\">\n<div class=\"content-list mt-0\">\n<div class=\"item wow fadeInUp\" style=\"visibility: visible; animation-delay: 0.4s; animation-name: fadeInUp;\" data-wow-delay=\"0.2s\">\n<div class=\"content-box position-relative\">\n<h2>Les statistiques<\/h2>\n<div class=\"row\">\n<div class=\"col-lg-4 col-md-4 col-sm-12 col-xs-12\">\n<div class=\"glance-box\"><i class=\"list-icon\"><img decoding=\"async\" src=\"https:\/\/www.altavantconsulting.com\/wp-content\/themes\/twentyfifteen\/images\/analyticalways-icon4.png\" alt=\"\" \/><\/i><\/p>\n<h3><span class=\"counter-count\" data-to=\"1700\">1700<\/span>+<\/h3>\n<p><small>Employ\u00e9s<\/small><\/p>\n<\/div>\n<\/div>\n<div class=\"col-lg-4 col-md-4 col-sm-12 col-xs-12\">\n<div class=\"glance-box\"><i class=\"list-icon\"><img decoding=\"async\" src=\"https:\/\/www.altavantconsulting.com\/wp-content\/uploads\/2021\/07\/cegid-s1-icon2.png\" alt=\"\" \/><\/i><\/p>\n<h3><span class=\"counter-count\" data-to=\"3500\">3500<\/span>+<\/h3>\n<p><small>Partenaires<\/small><\/p>\n<\/div>\n<\/div>\n<div class=\"col-lg-4 col-md-4 col-sm-12 col-xs-12\">\n<div class=\"glance-box\"><i class=\"list-icon\"><img decoding=\"async\" src=\"https:\/\/www.altavantconsulting.com\/wp-content\/uploads\/2021\/07\/cegid-s1-icon1.png\" alt=\"\" \/><\/i><\/p>\n<h3><span class=\"counter-count\" data-to=\"7\">7<\/span>M<\/h3>\n<p><small>Utilisateurs<\/small><\/p>\n<\/div>\n<\/div>\n<div class=\"col-lg-4 col-md-4 col-sm-12 col-xs-12\">\n<div class=\"glance-box\"><i class=\"list-icon\"><img decoding=\"async\" src=\"https:\/\/www.altavantconsulting.com\/wp-content\/themes\/twentyfifteen\/images\/analyticalways-icon3.png\" alt=\"\" \/><\/i><\/p>\n<h3><span class=\"counter-count\" data-to=\"175\">175<\/span>+<\/h3>\n<p><small>Pays<\/small><\/p>\n<\/div>\n<\/div>\n<div class=\"col-lg-4 col-md-4 col-sm-12 col-xs-12\">\n<div class=\"glance-box\"><i class=\"list-icon\"><img decoding=\"async\" src=\"https:\/\/www.altavantconsulting.com\/wp-content\/themes\/twentyfifteen\/images\/analyticalways-icon5.png\" alt=\"\" \/><\/i><\/p>\n<h3><span class=\"counter-count\" data-to=\"100\">$100<\/span>M<\/h3>\n<p><small>Revenu<\/small><\/p>\n<\/div>\n<\/div>\n<div class=\"col-lg-4 col-md-4 col-sm-12 col-xs-12\">\n<div class=\"glance-box\"><i class=\"list-icon\"><img decoding=\"async\" src=\"https:\/\/www.altavantconsulting.com\/wp-content\/themes\/twentyfifteen\/images\/analyticalways-icon6.png\" alt=\"\" \/><\/i><\/p>\n<h3><span class=\"counter-count\" data-to=\"60\">60<\/span>%<\/h3>\n<p><small>Croissance annuelle<\/small><\/p>\n<\/div>\n<\/div>\n<\/div>\n<\/div>\n<\/div>\n<\/div>\n<\/div>\n<\/section>\n<section id=\"preseason\" class=\"analyticalways-section3 py-lg-5 position-relative pt-3\">\n<div class=\"container\">\n<div class=\"row\">\n<div class=\"col-lg-6 col-md-6 col-sm-12 col-xs-12 wow fadeInLeft\" style=\"visibility: visible; animation-delay: 0.4s; animation-name: fadeInLeft;\" data-wow-delay=\"0.4s\">\n<div class=\"left-content-box\">\n<h3 class=\"title position-relative\"><i class=\"arrow-icon\"><br \/>\n<img decoding=\"async\" src=\"https:\/\/www.altavantconsulting.com\/wp-content\/themes\/twentyfifteen\/images\/red-arrow.png\" alt=\"\" \/><br \/>\n<\/i><br \/>\n<strong>Qu&#039;est-ce qui rend Odoo diff\u00e9rent ?<\/strong><\/h3>\n<h4>Fully integrated and full-featured software<\/h4>\n<p>Les applications Odoo sont nativement int\u00e9gr\u00e9es, ce qui vous permet d&#039;automatiser enti\u00e8rement tous vos processus m\u00e9tier et de r\u00e9aliser des \u00e9conomies et des avantages.<\/p>\n<h4>Scalable for any type of business<\/h4>\n<p>Notre logiciel simple d&#039;utilisation r\u00e9pond \u00e0 tous types de besoins et s&#039;adapte \u00e0 toutes sortes d&#039;entreprises, tandis que la scalabilit\u00e9 de notre ERP le rend aussi bien adapt\u00e9 \u00e0 1 qu&#039;\u00e0 300 000 utilisateurs. Il est \u00e9galement tout \u00e0 fait possible d&#039;ajouter des modules au fur et \u00e0 mesure de la croissance de l&#039;entreprise.<\/p>\n<h4>Highly customizable database<\/h4>\n<p>Au-del\u00e0 de ses fonctionnalit\u00e9s standards, Odoo peut \u00e9galement \u00eatre personnalis\u00e9 pour r\u00e9pondre \u00e0 tout besoin sp\u00e9cifique et pour \u00eatre au plus proche de la r\u00e9alit\u00e9 des flux d&#039;affaires de toute entreprise, aussi complexe soit-elle.<\/p>\n<\/div>\n<\/div>\n<div class=\"col-lg-6 col-md-6 col-sm-12 col-xs-12 wow fadeInRight\" style=\"visibility: visible; animation-delay: 0.4s; animation-name: fadeInRight;\" data-wow-delay=\"0.4s\">\n<h2 class=\"position-relative\" style=\"font-size: 50px; color: #bd202e; width: 100%;\">An all-in-one, user friendly and affordable business management software.<br \/>\n<i class=\"s1-icon\"><br \/>\n<img decoding=\"async\" src=\"https:\/\/www.altavantconsulting.com\/wp-content\/uploads\/2022\/05\/Odoo_computer.png\" alt=\"\" \/><br \/>\n<\/i><\/h2>\n<\/div>\n<\/div>\n<\/div>\n<\/section>\n<section id=\"inseason\" class=\"odoo-section odoo-section-positioning position-relative py-3 py-lg-5 py-md-4\">\n<div class=\"bg-pt\"><img decoding=\"async\" src=\"https:\/\/www.altavantconsulting.com\/wp-content\/themes\/twentyfifteen\/images\/analyticalways-section1-pt.png\" alt=\"\" \/><\/div>\n<div class=\"container py-3 py-lg-5 py-md-4\">\n<div class=\"row align-items-center\">\n<div class=\"col-lg-5 col-md-5 col-sm-12 col-xs-12 wow fadeInLeft\" style=\"visibility: visible; animation-delay: 0.4s; animation-name: fadeInLeft;\" data-wow-delay=\"0.4s\">\n<div class=\"left-content-box\">\n<h3 class=\"title position-relative\"><i class=\"arrow-icon\"><img decoding=\"async\" src=\"https:\/\/www.altavantconsulting.com\/wp-content\/themes\/twentyfifteen\/images\/red-arrow.png\" alt=\"\" \/><\/i> <strong>Positionnement Odoo<\/strong><\/h3>\n<p>Odoo a d\u00e9velopp\u00e9 60 applications principales r\u00e9guli\u00e8rement mises \u00e0 jour. De plus, une communaut\u00e9 de plus de 1500 membres actifs a contribu\u00e9 \u00e0 plus de 26000 applications pour couvrir une grande vari\u00e9t\u00e9 de besoins commerciaux. travail<\/p>\n<p>The flexibility of Odoo is such that <strong>apps can be added according to the growth of your company<\/strong>, adding one app at a time as your needs evolve and your customer base grows.<\/p>\n<p>Odoo&#8217;s unique value proposition is to be at the same time very easy to use and fully integrated.<\/p>\n<\/div>\n<\/div>\n<div class=\"col-lg-7 col-md-7 col-sm-12 col-xs-12 wow fadeInRight\" data-wow-delay=\"0.4s\"><img decoding=\"async\" src=\"https:\/\/www.altavantconsulting.com\/wp-content\/uploads\/2022\/05\/odoo-positioning.png\" alt=\"\" \/><\/div>\n<\/div>\n<\/div>\n<\/section>\n<section class=\"odoo-section odoo-section-module position-relative py-3 py-lg-5 py-md-4\">\n<div class=\"bg-pt\"><img decoding=\"async\" src=\"https:\/\/www.altavantconsulting.com\/wp-content\/themes\/twentyfifteen\/images\/analyticalways-section1-pt.png\" alt=\"\" \/><\/div>\n<div class=\"container py-3 py-lg-5 py-md-4\">\n<div class=\"wow fadeInLeft\" data-wow-delay=\"0.4s\">\n<div class=\"left-content-box\">\n<h3 class=\"title position-relative\"><i class=\"arrow-icon\"><img decoding=\"async\" src=\"https:\/\/www.altavantconsulting.com\/wp-content\/themes\/twentyfifteen\/images\/red-arrow.png\" alt=\"\" \/><\/i><strong>Some of our main apps<\/strong><\/h3>\n<\/div>\n<\/div>\n<div class=\"row position-relative\">\n<div class=\"col-lg-4 col-sm-12 module-item-box wow fadeInLeft\">\n<div class=\"item-box-header d-flex align-items-center\"><img decoding=\"async\" class=\"me-3\" src=\"https:\/\/download.odoocdn.com\/icons\/crm\/static\/description\/icon.svg\" width=\"50\" \/><br \/>\n<span class=\"fw-bold\">Sales management<\/span><\/div>\n<ul class=\"mt-3\">\n<li>GRC<\/li>\n<li>Ventes<\/li>\n<li>Points of Sale<\/li>\n<li>Subscription<\/li>\n<li>Rental<\/li>\n<\/ul>\n<\/div>\n<div class=\"col-lg-4 col-sm-12 module-item-box wow fadeInUp\">\n<div class=\"item-box-header d-flex align-items-center\"><img decoding=\"async\" class=\"me-3\" src=\"https:\/\/download.odoocdn.com\/icons\/stock\/static\/description\/icon.svg\" width=\"50\" \/><br \/>\n<span class=\"fw-bold\">Inventory\/Manufacturing<\/span><\/div>\n<ul class=\"mt-3\">\n<li>Inventory<\/li>\n<li>Production<\/li>\n<li>PLM<\/li>\n<li>Purchase<\/li>\n<li>Maintenance<\/li>\n<li>Quality<\/li>\n<\/ul>\n<\/div>\n<div class=\"col-lg-4 col-sm-12 module-item-box wow fadeInRight\">\n<div class=\"item-box-header d-flex align-items-center\"><img decoding=\"async\" class=\"me-3\" src=\"https:\/\/download.odoocdn.com\/icons\/account\/static\/description\/icon.svg\" width=\"50\" \/><br \/>\n<span class=\"fw-bold\">Finance<\/span><\/div>\n<ul class=\"mt-3\">\n<li>Accounting<\/li>\n<li>Invoicing<\/li>\n<li>Expenses<\/li>\n<li>Documents<\/li>\n<li>Sign<\/li>\n<\/ul>\n<\/div>\n<div class=\"col-lg-4 col-sm-12 module-item-box fadeInLeft\">\n<div class=\"item-box-header d-flex align-items-center\"><img decoding=\"async\" class=\"me-3\" src=\"https:\/\/download.odoocdn.com\/icons\/website\/static\/description\/icon.svg\" width=\"50\" \/><br \/>\n<span class=\"fw-bold\">Site web<\/span><\/div>\n<ul class=\"mt-3\">\n<li>Website builder<\/li>\n<li>eCommerce<\/li>\n<li>Blogs<\/li>\n<li>Forum<\/li>\n<li>Live Chat<\/li>\n<\/ul>\n<\/div>\n<div class=\"col-lg-4 col-sm-12 module-item-box fadeInUp\">\n<div class=\"item-box-header d-flex align-items-center\"><img decoding=\"async\" class=\"me-3\" src=\"https:\/\/download.odoocdn.com\/icons\/hr_holidays\/static\/description\/icon.svg\" width=\"50\" \/><br \/>\n<span class=\"fw-bold\">Ressources humaines<\/span><\/div>\n<ul class=\"mt-3\">\n<li>Recruitment<\/li>\n<li>Time Off<\/li>\n<li>Appraisal<\/li>\n<li>Employee Referral<\/li>\n<li>Fleet<\/li>\n<li>Lunch<\/li>\n<\/ul>\n<\/div>\n<div class=\"col-lg-4 col-sm-12 module-item-box fadeInRight\">\n<div class=\"item-box-header d-flex align-items-center\"><img decoding=\"async\" class=\"me-3\" src=\"https:\/\/download.odoocdn.com\/icons\/social\/static\/description\/icon.svg\" width=\"50\" \/><br \/>\n<span class=\"fw-bold\">Commercialisation<\/span><\/div>\n<ul class=\"mt-3\">\n<li>Social<\/li>\n<li>Email Marketing<\/li>\n<li>SMS<\/li>\n<li>Events<\/li>\n<li>Marketing Automation<\/li>\n<li>Survey<\/li>\n<\/ul>\n<\/div>\n<div class=\"col-lg-4 col-sm-12 module-item-box fadeInLeft\">\n<div class=\"item-box-header d-flex align-items-center\"><img decoding=\"async\" class=\"me-3\" src=\"https:\/\/download.odoocdn.com\/icons\/website_calendar\/static\/description\/icon.svg\" width=\"50\" \/><br \/>\n<span class=\"fw-bold\">Prestations de service<\/span><\/div>\n<ul class=\"mt-3\">\n<li>Project<\/li>\n<li>Timesheet<\/li>\n<li>Field Service<\/li>\n<li>Helpdesk<\/li>\n<li>Planning<\/li>\n<li>Appointments<\/li>\n<\/ul>\n<\/div>\n<div class=\"col-lg-4 col-sm-12 module-item-box fadeInUp\">\n<div class=\"item-box-header d-flex align-items-center\"><img decoding=\"async\" class=\"me-3\" src=\"https:\/\/download.odoocdn.com\/icons\/survey\/static\/description\/icon.svg\" width=\"50\" \/><br \/>\n<span class=\"fw-bold\">Productivit\u00e9<\/span><\/div>\n<ul class=\"mt-3\">\n<li>Discuss<\/li>\n<li>Approvals<\/li>\n<li>IoT Box<\/li>\n<\/ul>\n<\/div>\n<\/div>\n<\/div>\n<\/section>","protected":false},"excerpt":{"rendered":"<p>A Full Suite of Business Apps for Every Need. CRM eCommerce Accounting Point of sale Inventory Project management and many more&#8230; A Great Fit for Every Small and Large Businesses The only platform you will ever need to help run your business: integrated apps, kept simple, and loved by millions of happy users. Mission To &hellip; <a href=\"https:\/\/altavantconsulting.com\/fr\/odoo-manual-template\/\" class=\"more-link\">Continuer la lecture de <span class=\"screen-reader-text\">Odoo &#8211; Manual Template<\/span><\/a><\/p>","protected":false},"author":10,"featured_media":0,"parent":0,"menu_order":0,"comment_status":"closed","ping_status":"closed","template":"","meta":{"footnotes":""},"class_list":["post-102","page","type-page","status-publish","hentry"],"yoast_head":"<!-- This site is optimized with the Yoast SEO plugin v27.4 - https:\/\/yoast.com\/product\/yoast-seo-wordpress\/ -->\n<title>Odoo - Manual Template - Altavant \u2013 Retail &amp; Inventory Optimization Experts<\/title>\n<meta name=\"robots\" content=\"index, follow, max-snippet:-1, max-image-preview:large, max-video-preview:-1\" \/>\n<link rel=\"canonical\" href=\"https:\/\/altavantconsulting.com\/fr\/odoo-manual-template\/\" \/>\n<meta property=\"og:locale\" content=\"fr_FR\" \/>\n<meta property=\"og:type\" content=\"article\" \/>\n<meta property=\"og:title\" content=\"Odoo - Manual Template - Altavant \u2013 Retail &amp; Inventory Optimization Experts\" \/>\n<meta property=\"og:description\" content=\"A Full Suite of Business Apps for Every Need. CRM eCommerce Accounting Point of sale Inventory Project management and many more&#8230; A Great Fit for Every Small and Large Businesses The only platform you will ever need to help run your business: integrated apps, kept simple, and loved by millions of happy users. Mission To &hellip; Continuer la lecture de Odoo &#8211; Manual Template\" \/>\n<meta property=\"og:url\" content=\"https:\/\/altavantconsulting.com\/fr\/odoo-manual-template\/\" \/>\n<meta property=\"og:site_name\" content=\"Altavant \u2013 Retail &amp; Inventory Optimization Experts\" \/>\n<meta property=\"article:modified_time\" content=\"2024-08-06T08:06:45+00:00\" \/>\n<meta property=\"og:image\" content=\"https:\/\/www.altavantconsulting.com\/wp-content\/uploads\/2021\/07\/inner-page-pt.png\" \/>\n<meta name=\"twitter:card\" content=\"summary_large_image\" \/>\n<meta name=\"twitter:label1\" content=\"Dur\u00e9e de lecture estim\u00e9e\" \/>\n\t<meta name=\"twitter:data1\" content=\"7 minutes\" \/>\n<!-- \/ Yoast SEO plugin. -->","yoast_head_json":{"title":"Odoo - Manual Template - Altavant \u2013 Retail &amp; Inventory Optimization Experts","robots":{"index":"index","follow":"follow","max-snippet":"max-snippet:-1","max-image-preview":"max-image-preview:large","max-video-preview":"max-video-preview:-1"},"canonical":"https:\/\/altavantconsulting.com\/fr\/odoo-manual-template\/","og_locale":"fr_FR","og_type":"article","og_title":"Odoo - Manual Template - Altavant \u2013 Retail &amp; Inventory Optimization Experts","og_description":"A Full Suite of Business Apps for Every Need. CRM eCommerce Accounting Point of sale Inventory Project management and many more&#8230; A Great Fit for Every Small and Large Businesses The only platform you will ever need to help run your business: integrated apps, kept simple, and loved by millions of happy users. Mission To &hellip; Continuer la lecture de Odoo &#8211; Manual Template","og_url":"https:\/\/altavantconsulting.com\/fr\/odoo-manual-template\/","og_site_name":"Altavant \u2013 Retail &amp; Inventory Optimization Experts","article_modified_time":"2024-08-06T08:06:45+00:00","og_image":[{"url":"https:\/\/www.altavantconsulting.com\/wp-content\/uploads\/2021\/07\/inner-page-pt.png","type":"","width":"","height":""}],"twitter_card":"summary_large_image","twitter_misc":{"Dur\u00e9e de lecture estim\u00e9e":"7 minutes"},"schema":{"@context":"https:\/\/schema.org","@graph":[{"@type":"WebPage","@id":"https:\/\/altavantconsulting.com\/odoo-manual-template\/","url":"https:\/\/altavantconsulting.com\/odoo-manual-template\/","name":"Odoo - Manual Template - Altavant \u2013 Retail &amp; Inventory Optimization Experts","isPartOf":{"@id":"https:\/\/altavantconsulting.com\/#website"},"primaryImageOfPage":{"@id":"https:\/\/altavantconsulting.com\/odoo-manual-template\/#primaryimage"},"image":{"@id":"https:\/\/altavantconsulting.com\/odoo-manual-template\/#primaryimage"},"thumbnailUrl":"https:\/\/www.altavantconsulting.com\/wp-content\/uploads\/2021\/07\/inner-page-pt.png","datePublished":"2022-05-19T10:02:02+00:00","dateModified":"2024-08-06T08:06:45+00:00","breadcrumb":{"@id":"https:\/\/altavantconsulting.com\/odoo-manual-template\/#breadcrumb"},"inLanguage":"fr-FR","potentialAction":[{"@type":"ReadAction","target":["https:\/\/altavantconsulting.com\/odoo-manual-template\/"]}]},{"@type":"ImageObject","inLanguage":"fr-FR","@id":"https:\/\/altavantconsulting.com\/odoo-manual-template\/#primaryimage","url":"https:\/\/www.altavantconsulting.com\/wp-content\/uploads\/2021\/07\/inner-page-pt.png","contentUrl":"https:\/\/www.altavantconsulting.com\/wp-content\/uploads\/2021\/07\/inner-page-pt.png"},{"@type":"BreadcrumbList","@id":"https:\/\/altavantconsulting.com\/odoo-manual-template\/#breadcrumb","itemListElement":[{"@type":"ListItem","position":1,"name":"Home","item":"https:\/\/altavantconsulting.com\/"},{"@type":"ListItem","position":2,"name":"Odoo &#8211; Manual Template"}]},{"@type":"WebSite","@id":"https:\/\/altavantconsulting.com\/#website","url":"https:\/\/altavantconsulting.com\/","name":"Altavant \u2013 Retail &amp; Inventory Optimization Experts","description":"Powering supply chains with accurate inventory, faster fulfillment, and fewer stockouts","publisher":{"@id":"https:\/\/altavantconsulting.com\/#organization"},"potentialAction":[{"@type":"SearchAction","target":{"@type":"EntryPoint","urlTemplate":"https:\/\/altavantconsulting.com\/?s={search_term_string}"},"query-input":{"@type":"PropertyValueSpecification","valueRequired":true,"valueName":"search_term_string"}}],"inLanguage":"fr-FR"},{"@type":"Organization","@id":"https:\/\/altavantconsulting.com\/#organization","name":"Altavant","url":"https:\/\/altavantconsulting.com\/","logo":{"@type":"ImageObject","inLanguage":"fr-FR","@id":"https:\/\/altavantconsulting.com\/#\/schema\/logo\/image\/","url":"https:\/\/altavantconsulting.com\/wp-content\/uploads\/2025\/07\/cropped-Altavant-Consulting-Inventory-Management-Service-provider.png","contentUrl":"https:\/\/altavantconsulting.com\/wp-content\/uploads\/2025\/07\/cropped-Altavant-Consulting-Inventory-Management-Service-provider.png","width":248,"height":155,"caption":"Altavant"},"image":{"@id":"https:\/\/altavantconsulting.com\/#\/schema\/logo\/image\/"},"sameAs":["https:\/\/ae.linkedin.com\/company\/altavantconsulting"]}]}},"_links":{"self":[{"href":"https:\/\/altavantconsulting.com\/fr\/wp-json\/wp\/v2\/pages\/102","targetHints":{"allow":["GET"]}}],"collection":[{"href":"https:\/\/altavantconsulting.com\/fr\/wp-json\/wp\/v2\/pages"}],"about":[{"href":"https:\/\/altavantconsulting.com\/fr\/wp-json\/wp\/v2\/types\/page"}],"author":[{"embeddable":true,"href":"https:\/\/altavantconsulting.com\/fr\/wp-json\/wp\/v2\/users\/10"}],"replies":[{"embeddable":true,"href":"https:\/\/altavantconsulting.com\/fr\/wp-json\/wp\/v2\/comments?post=102"}],"version-history":[{"count":6,"href":"https:\/\/altavantconsulting.com\/fr\/wp-json\/wp\/v2\/pages\/102\/revisions"}],"predecessor-version":[{"id":1610,"href":"https:\/\/altavantconsulting.com\/fr\/wp-json\/wp\/v2\/pages\/102\/revisions\/1610"}],"wp:attachment":[{"href":"https:\/\/altavantconsulting.com\/fr\/wp-json\/wp\/v2\/media?parent=102"}],"curies":[{"name":"wp","href":"https:\/\/api.w.org\/{rel}","templated":true}]}}