{"id":177,"date":"2022-05-24T12:35:24","date_gmt":"2022-05-24T08:35:24","guid":{"rendered":"https:\/\/www.altavantconsulting.com\/?page_id=177"},"modified":"2022-05-26T17:15:41","modified_gmt":"2022-05-26T13:15:41","slug":"one-stock","status":"publish","type":"page","link":"https:\/\/altavantconsulting.com\/fr\/one-stock\/","title":{"rendered":"One Stock"},"content":{"rendered":"<div class=\"banner-bg right-top\">\n  <img decoding=\"async\" src=\"https:\/\/www.altavantconsulting.com\/wp-content\/uploads\/2021\/07\/inner-page-pt.png\" alt=\"\">\n<\/div>\n<section class=\"banner-section internal-banner analyticalways-banner onestock-section onestock-section-banner position-relative\" style=\"max-height: 930px\">\n<div class=\"image-box\"><\/div>\n<div class=\"caption pb-0\">\n<div class=\"container\">\n<div class=\"wow fadeInUp\" data-wow-delay=\"0.4s\" style=\"visibility: visible; animation-delay: 0.4s; animation-name: fadeInUp;\">\n<div class=\"banner-logo\">\n          <img decoding=\"async\" class=\"w-auto\" src=\"https:\/\/www.altavantconsulting.com\/wp-content\/uploads\/2022\/05\/onestock-logo.png\" alt=\"onestock-logo\">\n        <\/div>\n<h1>Corporate Overview<\/h1>\n<div class=\"banner-content d-flex\">\n<div class=\"row\">\n<div class=\"col-lg-3\">\n<div class=\"overview-label fw-bold text-center\">\n                <span class=\"counter-count\" data-to=\"10486\">10486<\/span><br \/>\n                <span>Magasins<\/span>\n              <\/div>\n<p>              <span class=\"d-block text-center\">worldwide benefitting from OneStock in-store application<\/span>\n            <\/div>\n<div class=\"col-lg-3\">\n<div class=\"overview-label fw-bold text-center\">\n                <span class=\"counter-count\" data-to=\"12\">12<\/span><br \/>\n                <span>Million orders<\/span>\n              <\/div>\n<p>              <span class=\"d-block text-center\">fulfilled thanks to order orchestration module every year<\/span>\n            <\/div>\n<div class=\"col-lg-3\">\n<div class=\"overview-label fw-bold text-center\">\n                <span>&#43;<span class=\"counter-count\" data-to=\"20\">20<\/span>&#37;<\/span><br \/>\n                <span>Turn Over<\/span>\n              <\/div>\n<p>              <span class=\"d-block text-center\">worldwide benefitting from OneStock in-store application<\/span>\n            <\/div>\n<div class=\"col-lg-3\">\n<div class=\"overview-label fw-bold text-center\">\n                <span><span class=\"counter-count\" data-to=\"60\">60<\/span>&#43;<\/span><br \/>\n                <span>Customers<\/span>\n              <\/div>\n<p>              <span class=\"d-block text-center\">worldwide benefitting from OneStock in-store application<\/span>\n            <\/div>\n<\/p><\/div>\n<\/p><\/div>\n<\/p><\/div>\n<\/p><\/div>\n<\/p><\/div>\n<\/section>\n<section class=\"analyticalways-section1 onestock-section onestock-section-cloud pb-3\">\n<div class=\"container\">\n<div class=\"content-list mt-0\">\n<div class=\"item wow fadeInUp\" data-wow-delay=\"0.2s\" style=\"visibility: visible; animation-delay: 0.4s; animation-name: fadeInUp;\">\n<div class=\"content-box position-relative\">\n<h2>OMS: Cloud Suite<\/h2>\n<div class=\"row\">\n<div class=\"col-lg-3\">\n<ul>\n<li>Unified Stock (ATS)<\/li>\n<li>Future Stock<\/li>\n<li>Order Orchestration<\/li>\n<li>Carrier\/Logistic<\/li>\n<li>Store Fulfillment<\/li>\n<li>Store as a Warehouse<\/li>\n<li>Stocktake\/ Transfer<\/li>\n<\/ul><\/div>\n<div class=\"col-lg-6\">\n              <img decoding=\"async\" src=\"https:\/\/www.altavantconsulting.com\/wp-content\/uploads\/2022\/05\/onestock-cloud-suite.png\" alt=\"\">\n            <\/div>\n<div class=\"col-lg-3\">\n<ul>\n<li>Order Management<\/li>\n<li>Return Management<\/li>\n<li>Omnichannel Analytics<\/li>\n<li>Mobile POS<\/li>\n<li>Returns<\/li>\n<li>Clienteling<\/li>\n<\/ul><\/div>\n<\/p><\/div>\n<\/p><\/div>\n<\/p><\/div>\n<\/p><\/div>\n<\/p><\/div>\n<\/p><\/div>\n<\/section>\n<section class=\"analyticalways-section3 onestock-section onestock-section-delivery-promise py-lg-5 position-relative pt-3\">\n<div class=\"container\">\n<div class=\"row\">\n<div class=\"col-lg-6 col-md-6 col-sm-12 col-xs-12 wow fadeInLeft\" data-wow-delay=\"0.4s\" style=\"visibility: visible; animation-delay: 0.4s; animation-name: fadeInLeft;\">\n<h2 class=\"title\">Delivery Promise<\/h2>\n<div class=\"content-list1 list-style\">\n<ul>\n<li>ont utilis\u00e9 les plateformes de m\u00e9dias sociaux pour partager leur m\u00e9contentement face \u00e0 une mauvaise exp\u00e9rience de livraison avec d&#039;autres<\/li>\n<li>abandonner les paniers en ligne si les choix de livraison propos\u00e9s ne sont pas satisfaisants<\/li>\n<li>60% will buy their goods from one online retailer over another if they offer more convenient delivery options<\/li>\n<\/ul><\/div>\n<\/p><\/div>\n<div class=\"col-lg-6 col-md-6 col-sm-12 col-xs-12 wow fadeInRight\" data-wow-delay=\"0.4s\">\n<div class=\"icon-with-counter d-flex align-items-center\">\n          <i class=\"icon\"><br \/>\n            <img decoding=\"async\" src=\"https:\/\/www.altavantconsulting.com\/wp-content\/uploads\/2021\/07\/global-icon.png\" alt=\"\"><br \/>\n          <\/i><\/p>\n<div class=\"number position-relative\">\n            <strong class=\"counter-count\" data-to=\"39\">39<\/strong>&#37; <small>of customers will not shop with an online retailer again if they have a negative delivery experience <\/small>\n          <\/div>\n<\/p><\/div>\n<\/p><\/div>\n<\/p><\/div>\n<\/p><\/div>\n<\/section>\n<section class=\"analyticalways-section3 onestock-section onestock-section-delivery-promise py-lg-5 position-relative pt-3\">\n<div class=\"container\">\n<div class=\"row\">\n<div class=\"col-12 fadeInLeft\" data-wow-delay=\"0.4s\">\n        <img decoding=\"async\" src=\"https:\/\/www.altavantconsulting.com\/wp-content\/uploads\/2022\/05\/onestock-oms.png\" alt=\"onestock-oms\">\n    <\/div>\n<\/p><\/div>\n<\/section>","protected":false},"excerpt":{"rendered":"<p>Corporate Overview 10486 Stores worldwide benefitting from OneStock in-store application 12 Million orders fulfilled thanks to order orchestration module every year &#43;20&#37; Turn Over worldwide benefitting from OneStock in-store application 60&#43; Customers worldwide benefitting from OneStock in-store application OMS: Cloud Suite Unified Stock (ATS) Future Stock Order Orchestration Carrier\/Logistic Store Fulfillment Store as a Warehouse &hellip; <a href=\"https:\/\/altavantconsulting.com\/fr\/one-stock\/\" class=\"more-link\">Continuer la lecture de <span class=\"screen-reader-text\">One Stock<\/span><\/a><\/p>","protected":false},"author":10,"featured_media":0,"parent":0,"menu_order":0,"comment_status":"closed","ping_status":"closed","template":"","meta":{"footnotes":""},"class_list":["post-177","page","type-page","status-publish","hentry"],"yoast_head":"<!-- This site is optimized with the Yoast SEO plugin v27.3 - https:\/\/yoast.com\/product\/yoast-seo-wordpress\/ -->\n<title>One Stock - Altavant \u2013 Retail &amp; Inventory Optimization Experts<\/title>\n<meta name=\"robots\" content=\"index, follow, max-snippet:-1, max-image-preview:large, max-video-preview:-1\" \/>\n<link rel=\"canonical\" href=\"https:\/\/altavantconsulting.com\/fr\/one-stock\/\" \/>\n<meta property=\"og:locale\" content=\"fr_FR\" \/>\n<meta property=\"og:type\" content=\"article\" \/>\n<meta property=\"og:title\" content=\"One Stock - Altavant \u2013 Retail &amp; Inventory Optimization Experts\" \/>\n<meta property=\"og:description\" content=\"Corporate Overview 10486 Stores worldwide benefitting from OneStock in-store application 12 Million orders fulfilled thanks to order orchestration module every year &#043;20&#037; Turn Over worldwide benefitting from OneStock in-store application 60&#043; Customers worldwide benefitting from OneStock in-store application OMS: Cloud Suite Unified Stock (ATS) Future Stock Order Orchestration Carrier\/Logistic Store Fulfillment Store as a Warehouse &hellip; Continuer la lecture de One Stock\" \/>\n<meta property=\"og:url\" content=\"https:\/\/altavantconsulting.com\/fr\/one-stock\/\" \/>\n<meta property=\"og:site_name\" content=\"Altavant \u2013 Retail &amp; Inventory Optimization Experts\" \/>\n<meta property=\"article:modified_time\" content=\"2022-05-26T13:15:41+00:00\" \/>\n<meta property=\"og:image\" content=\"https:\/\/www.altavantconsulting.com\/wp-content\/uploads\/2021\/07\/inner-page-pt.png\" \/>\n<meta name=\"twitter:card\" content=\"summary_large_image\" \/>\n<meta name=\"twitter:label1\" content=\"Dur\u00e9e de lecture estim\u00e9e\" \/>\n\t<meta name=\"twitter:data1\" content=\"1 minute\" \/>\n<!-- \/ Yoast SEO plugin. -->","yoast_head_json":{"title":"One Stock - Altavant \u2013 Retail &amp; Inventory Optimization Experts","robots":{"index":"index","follow":"follow","max-snippet":"max-snippet:-1","max-image-preview":"max-image-preview:large","max-video-preview":"max-video-preview:-1"},"canonical":"https:\/\/altavantconsulting.com\/fr\/one-stock\/","og_locale":"fr_FR","og_type":"article","og_title":"One Stock - Altavant \u2013 Retail &amp; Inventory Optimization Experts","og_description":"Corporate Overview 10486 Stores worldwide benefitting from OneStock in-store application 12 Million orders fulfilled thanks to order orchestration module every year &#43;20&#37; Turn Over worldwide benefitting from OneStock in-store application 60&#43; Customers worldwide benefitting from OneStock in-store application OMS: Cloud Suite Unified Stock (ATS) Future Stock Order Orchestration Carrier\/Logistic Store Fulfillment Store as a Warehouse &hellip; Continuer la lecture de One Stock","og_url":"https:\/\/altavantconsulting.com\/fr\/one-stock\/","og_site_name":"Altavant \u2013 Retail &amp; Inventory Optimization Experts","article_modified_time":"2022-05-26T13:15:41+00:00","og_image":[{"url":"https:\/\/www.altavantconsulting.com\/wp-content\/uploads\/2021\/07\/inner-page-pt.png","type":"","width":"","height":""}],"twitter_card":"summary_large_image","twitter_misc":{"Dur\u00e9e de lecture estim\u00e9e":"1 minute"},"schema":{"@context":"https:\/\/schema.org","@graph":[{"@type":"WebPage","@id":"https:\/\/altavantconsulting.com\/one-stock\/","url":"https:\/\/altavantconsulting.com\/one-stock\/","name":"One Stock - Altavant \u2013 Retail &amp; Inventory Optimization Experts","isPartOf":{"@id":"https:\/\/altavantconsulting.com\/#website"},"primaryImageOfPage":{"@id":"https:\/\/altavantconsulting.com\/one-stock\/#primaryimage"},"image":{"@id":"https:\/\/altavantconsulting.com\/one-stock\/#primaryimage"},"thumbnailUrl":"https:\/\/www.altavantconsulting.com\/wp-content\/uploads\/2021\/07\/inner-page-pt.png","datePublished":"2022-05-24T08:35:24+00:00","dateModified":"2022-05-26T13:15:41+00:00","breadcrumb":{"@id":"https:\/\/altavantconsulting.com\/one-stock\/#breadcrumb"},"inLanguage":"fr-FR","potentialAction":[{"@type":"ReadAction","target":["https:\/\/altavantconsulting.com\/one-stock\/"]}]},{"@type":"ImageObject","inLanguage":"fr-FR","@id":"https:\/\/altavantconsulting.com\/one-stock\/#primaryimage","url":"https:\/\/www.altavantconsulting.com\/wp-content\/uploads\/2021\/07\/inner-page-pt.png","contentUrl":"https:\/\/www.altavantconsulting.com\/wp-content\/uploads\/2021\/07\/inner-page-pt.png"},{"@type":"BreadcrumbList","@id":"https:\/\/altavantconsulting.com\/one-stock\/#breadcrumb","itemListElement":[{"@type":"ListItem","position":1,"name":"Home","item":"https:\/\/altavantconsulting.com\/"},{"@type":"ListItem","position":2,"name":"One Stock"}]},{"@type":"WebSite","@id":"https:\/\/altavantconsulting.com\/#website","url":"https:\/\/altavantconsulting.com\/","name":"Altavant \u2013 Retail &amp; Inventory Optimization Experts","description":"Powering supply chains with accurate inventory, faster fulfillment, and fewer stockouts","publisher":{"@id":"https:\/\/altavantconsulting.com\/#organization"},"potentialAction":[{"@type":"SearchAction","target":{"@type":"EntryPoint","urlTemplate":"https:\/\/altavantconsulting.com\/?s={search_term_string}"},"query-input":{"@type":"PropertyValueSpecification","valueRequired":true,"valueName":"search_term_string"}}],"inLanguage":"fr-FR"},{"@type":"Organization","@id":"https:\/\/altavantconsulting.com\/#organization","name":"Altavant","url":"https:\/\/altavantconsulting.com\/","logo":{"@type":"ImageObject","inLanguage":"fr-FR","@id":"https:\/\/altavantconsulting.com\/#\/schema\/logo\/image\/","url":"https:\/\/altavantconsulting.com\/wp-content\/uploads\/2025\/07\/cropped-Altavant-Consulting-Inventory-Management-Service-provider.png","contentUrl":"https:\/\/altavantconsulting.com\/wp-content\/uploads\/2025\/07\/cropped-Altavant-Consulting-Inventory-Management-Service-provider.png","width":248,"height":155,"caption":"Altavant"},"image":{"@id":"https:\/\/altavantconsulting.com\/#\/schema\/logo\/image\/"},"sameAs":["https:\/\/ae.linkedin.com\/company\/altavantconsulting"]}]}},"_links":{"self":[{"href":"https:\/\/altavantconsulting.com\/fr\/wp-json\/wp\/v2\/pages\/177","targetHints":{"allow":["GET"]}}],"collection":[{"href":"https:\/\/altavantconsulting.com\/fr\/wp-json\/wp\/v2\/pages"}],"about":[{"href":"https:\/\/altavantconsulting.com\/fr\/wp-json\/wp\/v2\/types\/page"}],"author":[{"embeddable":true,"href":"https:\/\/altavantconsulting.com\/fr\/wp-json\/wp\/v2\/users\/10"}],"replies":[{"embeddable":true,"href":"https:\/\/altavantconsulting.com\/fr\/wp-json\/wp\/v2\/comments?post=177"}],"version-history":[{"count":5,"href":"https:\/\/altavantconsulting.com\/fr\/wp-json\/wp\/v2\/pages\/177\/revisions"}],"predecessor-version":[{"id":317,"href":"https:\/\/altavantconsulting.com\/fr\/wp-json\/wp\/v2\/pages\/177\/revisions\/317"}],"wp:attachment":[{"href":"https:\/\/altavantconsulting.com\/fr\/wp-json\/wp\/v2\/media?parent=177"}],"curies":[{"name":"wp","href":"https:\/\/api.w.org\/{rel}","templated":true}]}}