{"id":248,"date":"2022-05-25T15:47:52","date_gmt":"2022-05-25T11:47:52","guid":{"rendered":"https:\/\/www.altavantconsulting.com\/?page_id=248"},"modified":"2024-08-06T12:18:42","modified_gmt":"2024-08-06T08:18:42","slug":"netmera","status":"publish","type":"page","link":"https:\/\/altavantconsulting.com\/fr\/netmera\/","title":{"rendered":"Netmera"},"content":{"rendered":"<section class=\"banner-section internal-banner position-relative\">\n<div class=\"image-box\"><\/div>\n<\/section>\n<div class=\"banner-bg\"><img decoding=\"async\" src=\"https:\/\/www.altavantconsulting.com\/wp-content\/uploads\/2021\/07\/inner-page-pt.png\" alt=\"\" \/><\/div>\n<section class=\"cagid-section1 netmera-section netmera-section-banner position-relative\">\n<div class=\"container\">\n<div class=\"row\">\n<div class=\"col-lg-7 col-md-12 col-sm-12 col-xs-12\">\n<div class=\"left-content-block list-style clearfix wow fadeInLeft\" style=\"visibility: visible; animation-delay: 0.2s; animation-name: fadeInLeft;\" data-wow-delay=\"0.2s\">\n<h1><img decoding=\"async\" src=\"https:\/\/netmera.com\/wp-content\/uploads\/2021\/08\/netmera_logo-1-1-1.png\" alt=\"Cegid logo\" \/><\/h1>\n<\/div>\n<h2 class=\"title\">Integrated Engagement Platform<\/h2>\n<p>Cr\u00e9ez une connexion plus forte et une meilleure exp\u00e9rience client avec des outils marketing int\u00e9gr\u00e9s<\/p>\n<div class=\"d-flex pb-3\">\n<div class=\"content-list1 list-style w-100\">\n<ul>\n<li>Segmentation and Targeting<\/li>\n<li>Mobile Marketing Automation<\/li>\n<li>Messaging and Mobile Engagement<\/li>\n<\/ul>\n<\/div>\n<div class=\"content-list1 list-style w-100\">\n<ul>\n<li>Engagement Analytics<\/li>\n<li>Geolocation &amp; Indoor &amp; Targeting<\/li>\n<li>Syst\u00e8me et s\u00e9curit\u00e9<\/li>\n<\/ul>\n<\/div>\n<\/div>\n<div class=\"d-flex pt-3 pb-3\">\n<div class=\"w-100 text-center\">\n<h4 class=\"altavant-main-text-color d-block mb-0\"><span class=\"counter-count\" data-to=\"250\">250<\/span>M+<\/h4>\n<p>App Users Worldwide<\/p>\n<\/div>\n<div class=\"w-100 text-center\">\n<h4 class=\"altavant-main-text-color d-block mb-0\"><span class=\"counter-count\" data-to=\"10\">10<\/span>B+<\/h4>\n<p>Notifications Sent per Month<\/p>\n<\/div>\n<\/div>\n<div class=\"d-flex pt-3\">\n<div class=\"w-100 text-center\">\n<h4 class=\"altavant-main-text-color d-block mb-0\"><span class=\"counter-count\" data-to=\"300\">300<\/span>+<\/h4>\n<p>Web Mobile Apps Collaborations<\/p>\n<\/div>\n<div class=\"w-100 text-center\">\n<h4 class=\"altavant-main-text-color d-block mb-0\"><span class=\"counter-count\" data-to=\"20\">20<\/span>B+<\/h4>\n<p>Events per Month<\/p>\n<\/div>\n<\/div>\n<\/div>\n<div class=\"d-flex align-items-center col-lg-5 col-md-12 col-sm-12 col-xs-12 mt-3 mt-lg-5 mt-md-4\">\n<div class=\"content-list mt-3 mt-lg-5 mt-md-4\">\n<div class=\"item wow fadeInRight\" style=\"visibility: visible; animation-delay: 0.2s; animation-name: fadeInRight;\" data-wow-delay=\"0.2s\"><img decoding=\"async\" src=\"https:\/\/www.altavantconsulting.com\/wp-content\/uploads\/2022\/05\/netmera-image-1.png\" \/><\/div>\n<\/div>\n<\/div>\n<\/div>\n<\/div>\n<\/section>\n<section class=\"analyticalways-section3 py-lg-5 position-relative pt-3\">\n<div class=\"container\">\n<div class=\"row\">\n<div class=\"col-12 wow fadeInLeft\" data-wow-delay=\"0.4s\">\n<h2 class=\"title\">Do it without IT or Agencies.<\/h2>\n<p><img decoding=\"async\" src=\"https:\/\/www.altavantconsulting.com\/wp-content\/uploads\/2022\/05\/netmera-image-2.png\" \/><\/p>\n<\/div>\n<\/div>\n<\/div>\n<\/section>\n<section class=\"analyticalways-section3 netmera-section netmera-section-3 py-lg-5 position-relative pt-3\">\n<div class=\"container\">\n<div class=\"row\">\n<div class=\"col-lg-6 col-md-6 col-sm-12 col-xs-12 wow fadeInLeft\" data-wow-delay=\"0.4s\">\n<div class=\"left-content-box\">\n<h3 class=\"title position-relative\"><i class=\"arrow-icon\"><br \/>\n<img decoding=\"async\" src=\"https:\/\/www.altavantconsulting.com\/wp-content\/themes\/twentyfifteen\/images\/red-arrow.png\" alt=\"\" \/><br \/>\n<\/i><br \/>\n<strong>Atteignez, engagez et fid\u00e9lisez plus d&#039;utilisateurs<\/strong><\/h3>\n<h4>Am\u00e9liorez la qualit\u00e9 de vos donn\u00e9es clients<\/h4>\n<div class=\"content-list1 list-style w-100 pb-3\">\n<ul>\n<li>Pas de double saisie, de malentendu ou de faute d&#039;orthographe possible.<\/li>\n<li>\u00c9viter les doublons<\/li>\n<li>Syst\u00e8me et s\u00e9curit\u00e9<\/li>\n<\/ul>\n<\/div>\n<h4 class=\"pt-3\">Address retail compliance challenges<\/h4>\n<div class=\"content-list1 list-style w-100 pb-3\">\n<ul>\n<li>Respecter les r\u00e8gles de protection des donn\u00e9es.<\/li>\n<li>Adapter les conditions l\u00e9gales par pays, marques et magasins<\/li>\n<\/ul>\n<\/div>\n<h4 class=\"pt-3\">Address retail compliance challenges<\/h4>\n<div class=\"content-list1 list-style w-100 pb-3\">\n<ul>\n<li>En captant les donn\u00e9es de vos prospects d\u00e8s la premi\u00e8re interaction, qu&#039;elle ait lieu en ligne ou en magasin.<\/li>\n<\/ul>\n<\/div>\n<h4 class=\"pt-3\">Address retail compliance challenges<\/h4>\n<div class=\"content-list1 list-style w-100 pb-3\">\n<ul>\n<li>Une suite de produits enti\u00e8rement int\u00e9gr\u00e9e pour d\u00e9mat\u00e9rialiser vos supports physiques en magasin (cartes plastiques, formulaires papier, re\u00e7us papier, bons\u2026)<\/li>\n<\/ul>\n<\/div>\n<div class=\"d-block text-center pt-3\"><img decoding=\"async\" src=\"https:\/\/www.altavantconsulting.com\/wp-content\/uploads\/2022\/05\/netmera-image-3.png\" \/><\/div>\n<\/div>\n<\/div>\n<div class=\"col-lg-6 col-md-6 col-sm-12 col-xs-12 mt-3 mt-lg-5 mt-md-4\">\n<div class=\"content-list mt-3 mt-lg-5 mt-md-4\">\n<div class=\"item wow fadeInRight\" style=\"visibility: visible; animation-delay: 0.2s; animation-name: fadeInRight;\" data-wow-delay=\"0.2s\">\n<div class=\"content-box position-relative\">\n<h2 class=\"text-center\">Augmentez l&#039;engagement des clients gr\u00e2ce \u00e0 des solutions de marketing int\u00e9gr\u00e9es<\/h2>\n<div class=\"content-box-item\">\n<h3 class=\"mb-0\">Mobile Engagement<\/h3>\n<p>Improve customer experience with personalized mobile push notifications, in-app actions, widgets, and banners tailored for each customer&#8217;s needs to maximize retention and conversion rates.<\/p>\n<\/div>\n<div class=\"content-box-item\">\n<h3 class=\"mb-0\">Web Engagement<\/h3>\n<p>Engagement Web : augmentez la fid\u00e9lisation des clients, la conversion et le temps que les visiteurs passent sur vos services Web et offrez une exp\u00e9rience Web beaucoup plus personnelle, stimulez l&#039;engagement et am\u00e9liorez la fid\u00e9lit\u00e9 des clients.<\/p>\n<\/div>\n<div class=\"content-box-item\">\n<h3 class=\"mb-0\">illimit\u00e9es<\/h3>\n<p>Netmera&#8217;s AI-powered analytics solution processes millions of data to help you grow your business and provide individualized and engaging customer experience on mobile, web and desktop services.<\/p>\n<\/div>\n<div class=\"content-box-item\">\n<h3 class=\"mb-0\">Marketing Automation<\/h3>\n<p>Create more integrated marketing and sales activities and manage cross-channel\u00a0 campaigns to boost leads across each stage of your customers&#8217; buying process from initial engagement to retention and long-term engagement.<\/p>\n<\/div>\n<\/div>\n<\/div>\n<\/div>\n<\/div>\n<\/div>\n<\/div>\n<\/section>\n<section id=\"inseason\" class=\"odoo-section odoo-section-positioning position-relative py-3 py-lg-5 py-md-4\">\n<div class=\"bg-pt\"><img decoding=\"async\" src=\"https:\/\/www.altavantconsulting.com\/wp-content\/themes\/twentyfifteen\/images\/analyticalways-section1-pt.png\" alt=\"\" \/><\/div>\n<div class=\"container py-3 py-lg-5 py-md-4\">\n<div class=\"row align-items-center\">\n<div class=\"col-lg-5 col-md-5 col-sm-12 col-xs-12 wow fadeInLeft\" style=\"visibility: visible; animation-delay: 0.4s; animation-name: fadeInLeft;\" data-wow-delay=\"0.4s\">\n<div class=\"left-content-box\">\n<h3 class=\"title position-relative\"><i class=\"arrow-icon\"><img decoding=\"async\" src=\"https:\/\/www.altavantconsulting.com\/wp-content\/themes\/twentyfifteen\/images\/red-arrow.png\" alt=\"\" \/><\/i> <strong>Connectez-vous avec vos clients au bon endroit au bon moment<\/strong><\/h3>\n<p>Increase customer retention and conversion rates, with personalized mobile push, in-app, banners and more tailored to each customer&#8217;s needs.<\/p>\n<\/div>\n<\/div>\n<div class=\"col-lg-7 col-md-7 col-sm-12 col-xs-12 wow fadeInRight\" data-wow-delay=\"0.4s\">\n<div class=\"d-block text-center\"><img decoding=\"async\" src=\"https:\/\/www.altavantconsulting.com\/wp-content\/uploads\/2022\/05\/netmera-image-41.png\" alt=\"\" \/><\/div>\n<\/div>\n<\/div>\n<\/div>\n<\/section>","protected":false},"excerpt":{"rendered":"<p>Integrated Engagement Platform Create a Stronger Connection and Better Customer Experience with Integrated Marketing Tools Segmentation and Targeting Mobile Marketing Automation Messaging and Mobile Engagement Engagement Analytics Geolocation &amp; Indoor &amp; Targeting System &amp; Security 250M+ App Users Worldwide 10B+ Notifications Sent per Month 300+ Web Mobile Apps Collaborations 20B+ Events per Month Do it &hellip; <a href=\"https:\/\/altavantconsulting.com\/fr\/netmera\/\" class=\"more-link\">Continuer la lecture de <span class=\"screen-reader-text\">Netmera<\/span><\/a><\/p>","protected":false},"author":10,"featured_media":0,"parent":0,"menu_order":0,"comment_status":"closed","ping_status":"closed","template":"","meta":{"footnotes":""},"class_list":["post-248","page","type-page","status-publish","hentry"],"yoast_head":"<!-- This site is optimized with the Yoast SEO plugin v27.3 - https:\/\/yoast.com\/product\/yoast-seo-wordpress\/ -->\n<title>Netmera - Altavant \u2013 Retail &amp; Inventory Optimization Experts<\/title>\n<meta name=\"robots\" content=\"index, follow, max-snippet:-1, max-image-preview:large, max-video-preview:-1\" \/>\n<link rel=\"canonical\" href=\"https:\/\/altavantconsulting.com\/fr\/netmera\/\" \/>\n<meta property=\"og:locale\" content=\"fr_FR\" \/>\n<meta property=\"og:type\" content=\"article\" \/>\n<meta property=\"og:title\" content=\"Netmera - Altavant \u2013 Retail &amp; Inventory Optimization Experts\" \/>\n<meta property=\"og:description\" content=\"Integrated Engagement Platform Create a Stronger Connection and Better Customer Experience with Integrated Marketing Tools Segmentation and Targeting Mobile Marketing Automation Messaging and Mobile Engagement Engagement Analytics Geolocation &amp; Indoor &amp; Targeting System &amp; Security 250M+ App Users Worldwide 10B+ Notifications Sent per Month 300+ Web Mobile Apps Collaborations 20B+ Events per Month Do it &hellip; Continuer la lecture de Netmera\" \/>\n<meta property=\"og:url\" content=\"https:\/\/altavantconsulting.com\/fr\/netmera\/\" \/>\n<meta property=\"og:site_name\" content=\"Altavant \u2013 Retail &amp; Inventory Optimization Experts\" \/>\n<meta property=\"article:modified_time\" content=\"2024-08-06T08:18:42+00:00\" \/>\n<meta property=\"og:image\" content=\"https:\/\/www.altavantconsulting.com\/wp-content\/uploads\/2021\/07\/inner-page-pt.png\" \/>\n<meta name=\"twitter:card\" content=\"summary_large_image\" \/>\n<meta name=\"twitter:label1\" content=\"Dur\u00e9e de lecture estim\u00e9e\" \/>\n\t<meta name=\"twitter:data1\" content=\"4 minutes\" \/>\n<!-- \/ Yoast SEO plugin. -->","yoast_head_json":{"title":"Netmera - Altavant \u2013 Retail &amp; Inventory Optimization Experts","robots":{"index":"index","follow":"follow","max-snippet":"max-snippet:-1","max-image-preview":"max-image-preview:large","max-video-preview":"max-video-preview:-1"},"canonical":"https:\/\/altavantconsulting.com\/fr\/netmera\/","og_locale":"fr_FR","og_type":"article","og_title":"Netmera - Altavant \u2013 Retail &amp; Inventory Optimization Experts","og_description":"Integrated Engagement Platform Create a Stronger Connection and Better Customer Experience with Integrated Marketing Tools Segmentation and Targeting Mobile Marketing Automation Messaging and Mobile Engagement Engagement Analytics Geolocation &amp; Indoor &amp; Targeting System &amp; Security 250M+ App Users Worldwide 10B+ Notifications Sent per Month 300+ Web Mobile Apps Collaborations 20B+ Events per Month Do it &hellip; Continuer la lecture de Netmera","og_url":"https:\/\/altavantconsulting.com\/fr\/netmera\/","og_site_name":"Altavant \u2013 Retail &amp; Inventory Optimization Experts","article_modified_time":"2024-08-06T08:18:42+00:00","og_image":[{"url":"https:\/\/www.altavantconsulting.com\/wp-content\/uploads\/2021\/07\/inner-page-pt.png","type":"","width":"","height":""}],"twitter_card":"summary_large_image","twitter_misc":{"Dur\u00e9e de lecture estim\u00e9e":"4 minutes"},"schema":{"@context":"https:\/\/schema.org","@graph":[{"@type":"WebPage","@id":"https:\/\/altavantconsulting.com\/netmera\/","url":"https:\/\/altavantconsulting.com\/netmera\/","name":"Netmera - Altavant \u2013 Retail &amp; Inventory Optimization Experts","isPartOf":{"@id":"https:\/\/altavantconsulting.com\/#website"},"primaryImageOfPage":{"@id":"https:\/\/altavantconsulting.com\/netmera\/#primaryimage"},"image":{"@id":"https:\/\/altavantconsulting.com\/netmera\/#primaryimage"},"thumbnailUrl":"https:\/\/www.altavantconsulting.com\/wp-content\/uploads\/2021\/07\/inner-page-pt.png","datePublished":"2022-05-25T11:47:52+00:00","dateModified":"2024-08-06T08:18:42+00:00","breadcrumb":{"@id":"https:\/\/altavantconsulting.com\/netmera\/#breadcrumb"},"inLanguage":"fr-FR","potentialAction":[{"@type":"ReadAction","target":["https:\/\/altavantconsulting.com\/netmera\/"]}]},{"@type":"ImageObject","inLanguage":"fr-FR","@id":"https:\/\/altavantconsulting.com\/netmera\/#primaryimage","url":"https:\/\/www.altavantconsulting.com\/wp-content\/uploads\/2021\/07\/inner-page-pt.png","contentUrl":"https:\/\/www.altavantconsulting.com\/wp-content\/uploads\/2021\/07\/inner-page-pt.png"},{"@type":"BreadcrumbList","@id":"https:\/\/altavantconsulting.com\/netmera\/#breadcrumb","itemListElement":[{"@type":"ListItem","position":1,"name":"Home","item":"https:\/\/altavantconsulting.com\/"},{"@type":"ListItem","position":2,"name":"Netmera"}]},{"@type":"WebSite","@id":"https:\/\/altavantconsulting.com\/#website","url":"https:\/\/altavantconsulting.com\/","name":"Altavant \u2013 Retail &amp; Inventory Optimization Experts","description":"Powering supply chains with accurate inventory, faster fulfillment, and fewer stockouts","publisher":{"@id":"https:\/\/altavantconsulting.com\/#organization"},"potentialAction":[{"@type":"SearchAction","target":{"@type":"EntryPoint","urlTemplate":"https:\/\/altavantconsulting.com\/?s={search_term_string}"},"query-input":{"@type":"PropertyValueSpecification","valueRequired":true,"valueName":"search_term_string"}}],"inLanguage":"fr-FR"},{"@type":"Organization","@id":"https:\/\/altavantconsulting.com\/#organization","name":"Altavant","url":"https:\/\/altavantconsulting.com\/","logo":{"@type":"ImageObject","inLanguage":"fr-FR","@id":"https:\/\/altavantconsulting.com\/#\/schema\/logo\/image\/","url":"https:\/\/altavantconsulting.com\/wp-content\/uploads\/2025\/07\/cropped-Altavant-Consulting-Inventory-Management-Service-provider.png","contentUrl":"https:\/\/altavantconsulting.com\/wp-content\/uploads\/2025\/07\/cropped-Altavant-Consulting-Inventory-Management-Service-provider.png","width":248,"height":155,"caption":"Altavant"},"image":{"@id":"https:\/\/altavantconsulting.com\/#\/schema\/logo\/image\/"},"sameAs":["https:\/\/ae.linkedin.com\/company\/altavantconsulting"]}]}},"_links":{"self":[{"href":"https:\/\/altavantconsulting.com\/fr\/wp-json\/wp\/v2\/pages\/248","targetHints":{"allow":["GET"]}}],"collection":[{"href":"https:\/\/altavantconsulting.com\/fr\/wp-json\/wp\/v2\/pages"}],"about":[{"href":"https:\/\/altavantconsulting.com\/fr\/wp-json\/wp\/v2\/types\/page"}],"author":[{"embeddable":true,"href":"https:\/\/altavantconsulting.com\/fr\/wp-json\/wp\/v2\/users\/10"}],"replies":[{"embeddable":true,"href":"https:\/\/altavantconsulting.com\/fr\/wp-json\/wp\/v2\/comments?post=248"}],"version-history":[{"count":5,"href":"https:\/\/altavantconsulting.com\/fr\/wp-json\/wp\/v2\/pages\/248\/revisions"}],"predecessor-version":[{"id":1564,"href":"https:\/\/altavantconsulting.com\/fr\/wp-json\/wp\/v2\/pages\/248\/revisions\/1564"}],"wp:attachment":[{"href":"https:\/\/altavantconsulting.com\/fr\/wp-json\/wp\/v2\/media?parent=248"}],"curies":[{"name":"wp","href":"https:\/\/api.w.org\/{rel}","templated":true}]}}