{"id":250,"date":"2022-05-25T15:49:00","date_gmt":"2022-05-25T11:49:00","guid":{"rendered":"https:\/\/www.altavantconsulting.com\/?page_id=250"},"modified":"2024-08-06T09:59:25","modified_gmt":"2024-08-06T05:59:25","slug":"booxi-old-2","status":"publish","type":"page","link":"https:\/\/altavantconsulting.com\/fr\/booxi-old-2\/","title":{"rendered":"Booxi &#8211; Clienteling"},"content":{"rendered":"<section class=\"banner-section internal-banner position-relative\">\n<div class=\"image-box\"><\/div>\n<\/section>\n<div class=\"banner-bg right-top\"><img decoding=\"async\" src=\"https:\/\/www.altavantconsulting.com\/wp-content\/uploads\/2021\/07\/inner-page-pt.png\" alt=\"\" \/><\/div>\n<section class=\"cagid-section1 position-relative\">\n<div class=\"container\">\n<div class=\"wow fadeInUp\" style=\"visibility: visible; animation-delay: 0.4s; animation-name: fadeInUp;\" data-wow-delay=\"0.4s\">\n<div class=\"banner-logo\"><img decoding=\"async\" src=\"https:\/\/assets-global.website-files.com\/60f8323663cccd98d9f300f3\/60f8326c56b7e1175779f9d0_logo_booxi_rounded.svg\" alt=\"\" \/><\/div>\n<div class=\"row\">\n<div class=\"col-lg-7 col-md-7 col-sm-12 col-xs-12 wow fadeInLeft\">\n<h2 class=\"title\">Let&#8217;s make appointments easy<br \/>\nRendre le commerce plus humain<\/h2>\n<p>Le moyen le plus simple pour vos clients de r\u00e9server en ligne : Booxi est l&#039;outil ultime pour g\u00e9rer les rendez-vous<\/p>\n<p>Nous pensons que le plus grand atout de votre entreprise est votre personnel, et notre objectif est de faciliter votre connexion avec les clients.<\/p>\n<p>Notre ensemble de fonctionnalit\u00e9s et nos tarifs s&#039;adaptent aux besoins des entreprises de toutes tailles. Des magasins \u00e0 emplacement unique aux d\u00e9taillants multinationaux, il existe une solution pour vous.<\/p>\n<h3 class=\"title position-relative mb-2 mt-3\"><i class=\"arrow-icon\"><img decoding=\"async\" src=\"https:\/\/www.altavantconsulting.com\/wp-content\/themes\/twentyfifteen\/images\/red-arrow.png\" alt=\"\" \/><\/i>Easy to use<\/h3>\n<p>Designed to be simple and intuitive for your customers.<\/p>\n<h3 class=\"title position-relative mb-2 mt-0\"><i class=\"arrow-icon\"><img decoding=\"async\" src=\"https:\/\/www.altavantconsulting.com\/wp-content\/themes\/twentyfifteen\/images\/red-arrow.png\" alt=\"\" \/><\/i>Fast to integrate<\/h3>\n<p>Just place our button on your website to start taking appointments.<\/p>\n<h3 class=\"title position-relative mb-2 mt-0\"><i class=\"arrow-icon\"><img decoding=\"async\" src=\"https:\/\/www.altavantconsulting.com\/wp-content\/themes\/twentyfifteen\/images\/red-arrow.png\" alt=\"\" \/><\/i>Fully customizable<\/h3>\n<p>From the branding to the booking experience, you can customize Booxi as you wish.<\/p>\n<h3 class=\"title position-relative mb-2 mt-0\"><i class=\"arrow-icon\"><img decoding=\"async\" src=\"https:\/\/www.altavantconsulting.com\/wp-content\/themes\/twentyfifteen\/images\/red-arrow.png\" alt=\"\" \/><\/i>Accessible to all<\/h3>\n<p>Booxi is ADA compliant and available in 16 languages.<\/p>\n<\/div>\n<div class=\"col-lg-5 col-md-5 col-sm-12 col-xs-12 wow fadeInRight\">\n<div class=\"content-list mt-3 mt-lg-5 mt-md-4\">\n<div class=\"item wow fadeInRight\" style=\"visibility: visible; animation-delay: 0.2s; animation-name: fadeInRight;\" data-wow-delay=\"0.2s\">\n<div class=\"content-box position-relative\">\n<h2>En bref<\/h2>\n<div class=\"content-box-item\">\n<h3 class=\"mb-0\"><span class=\"counter-count\" data-to=\"1500\">1500<\/span>+<\/h3>\n<p>clients du monde entier<\/p>\n<\/div>\n<div class=\"content-box-item\">\n<h3 class=\"mb-0\"><span class=\"counter-count\" data-to=\"5\">5<\/span>M+<\/h3>\n<p>rendez-vous pris par an<\/p>\n<\/div>\n<div class=\"content-box-item\">\n<h3 class=\"mb-0\"><span class=\"counter-count\" data-to=\"32\">32<\/span>+<\/h3>\n<p>employ\u00e9s et en expansion<\/p>\n<\/div>\n<div class=\"content-box-item\">\n<h3 class=\"mb-0\"><span class=\"counter-count\" data-to=\"2\">2<\/span>&#8211;<span class=\"counter-count\" data-to=\"7\">7<\/span>x basket size<\/h3>\n<p>Fashion, retail, furniture, etc. Remote selling is the ideal solution to<br \/>\nimprove the conversion rate and increase the shopping basket.<\/p>\n<\/div>\n<div class=\"content-box-item\">\n<h3 class=\"mb-0\"><span class=\"counter-count\" data-to=\"90\">90<\/span>+%<\/h3>\n<p>des clients qui prennent rendez-vous effectuent un achat\u00a0!<\/p>\n<\/div>\n<p><!--\n\n\n<div class=\"content-box-item\">\n\n\n<h3 class=\"mb-0\">Attract up to <span class=\"counter-count\" data-to=\"25\">25<\/span>%<\/h3>\n\n\nof new customers with a proper and personalized reparation service.\n\n<\/div>\n\n\n\n\n<div class=\"content-box-item\">\n\n\n<h3 class=\"mb-0\"><span class=\"counter-count\" data-to=\"74\">74<\/span>% of consumers<\/h3>\n\n\nsay that attending brand events influences them to buy the products\nbeing promoted.\n\n<\/div>\n\n\n--><\/p>\n<\/div>\n<\/div>\n<\/div>\n<\/div>\n<\/div>\n<\/div>\n<\/div>\n<\/section>\n<section class=\"odoo-section odoo-section-positioning position-relative py-3 py-lg-5 py-md-4 analyticalways-section2\">\n<div class=\"bg-pt\"><img decoding=\"async\" src=\"https:\/\/www.altavantconsulting.com\/wp-content\/themes\/twentyfifteen\/images\/analyticalways-section1-pt.png\" alt=\"\" \/><\/div>\n<div class=\"container py-3 py-lg-5 py-md-4\">\n<div class=\"row align-items-center\">\n<div class=\"col-lg-7 col-md-7 col-sm-12 col-xs-12 wow fadeInLeft\" style=\"visibility: visible; animation-delay: 0.4s; animation-name: fadeInLeft;\" data-wow-delay=\"0.4s\">\n<h2 class=\"title position-relative\"><strong>Fonctionnalit\u00e9 principale<\/strong><\/h2>\n<div class=\"image-box move mt-0\"><img decoding=\"async\" src=\"https:\/\/www.altavantconsulting.com\/wp-content\/uploads\/2021\/07\/seamless-integration.png\" \/><\/div>\n<\/div>\n<div class=\"col-lg-5 col-md-5 col-sm-12 col-xs-12 wow fadeInRight\" data-wow-delay=\"0.4s\">\n<div class=\"content-list1 list-style\">\n<div class=\"item\">\n<h3 class=\"title position-relative\"><i class=\"arrow-icon\"><img decoding=\"async\" src=\"https:\/\/www.altavantconsulting.com\/wp-content\/themes\/twentyfifteen\/images\/red-arrow.png\" \/><\/i>Appointment scheduling<\/h3>\n<ul>\n<li>\u201cBook now\u201d button in your website.<\/li>\n<li>Disponibilit\u00e9 en temps r\u00e9el pour que les clients r\u00e9servent des cr\u00e9neaux.<\/li>\n<li>Rappels pour augmenter le taux de r\u00e9tention.<\/li>\n<li>Communications personnalis\u00e9es.<\/li>\n<li>Collecte de paiement.<\/li>\n<li>Personnalis\u00e9 \u00e0 votre marque.<\/li>\n<li>Connexion \u00e0 vos outils existants (data push).<\/li>\n<\/ul>\n<\/div>\n<div class=\"item\">\n<h3 class=\"title position-relative\"><i class=\"arrow-icon\"><img decoding=\"async\" src=\"https:\/\/www.altavantconsulting.com\/wp-content\/themes\/twentyfifteen\/images\/red-arrow.png\" \/><\/i>Appointment Management<\/h3>\n<ul>\n<li>R\u00e8gles de r\u00e9servation par magasin ou dans l&#039;ensemble de l&#039;entreprise.<\/li>\n<li>Int\u00e9gration avec les technologies les plus populaires (API).<\/li>\n<li>Analyse des donn\u00e9es.<\/li>\n<li>Le personnel peut consulter et g\u00e9rer son emploi du temps quotidien ou hebdomadaire.<\/li>\n<li>Vue d&#039;ensemble pour les gestionnaires sur le personnel et les ressources.<\/li>\n<li>Tracking of customers\u2019 appointment history.<\/li>\n<li>Ajoutez des notes d\u00e9taill\u00e9es aux r\u00e9servations.<\/li>\n<li>Suivi avec des messages personnalis\u00e9s.<\/li>\n<li>Affilier le personnel \u00e0 des services sp\u00e9cifiques.<\/li>\n<li>D\u00e9finissez ce que les clients peuvent r\u00e9server.<\/li>\n<li>Associez les ressources mat\u00e9rielles aux rendez-vous pour recouper leur disponibilit\u00e9.<\/li>\n<\/ul>\n<\/div>\n<\/div>\n<\/div>\n<\/div>\n<\/div>\n<\/section>\n<section class=\"odoo-section odoo-section-module position-relative py-3 py-lg-5 py-md-4\">\n<div class=\"container\">\n<div class=\"row\">\n<div class=\"col-lg-6 col-md-6 col-sm-12 col-xs-12 wow fadeInLeft\">\n<div class=\"left-content-box\">\n<h3 class=\"title position-relative pb-3\"><i class=\"arrow-icon\"><br \/>\n<img decoding=\"async\" src=\"https:\/\/www.altavantconsulting.com\/wp-content\/themes\/twentyfifteen\/images\/red-arrow.png\" alt=\"\" \/><br \/>\n<\/i><br \/>\n<strong>01. Appointment scheduling:<\/strong><\/h3>\n<p>Possibilit\u00e9 de cr\u00e9er des r\u00e9servations pour des rendez-vous 1:1, des ateliers et \u00e9v\u00e9nements, des consultations, de la vente \u00e0 distance, du Click &amp; Collect, des retours, des r\u00e9parations ou m\u00eame des locations.<\/p>\n<p>La personnalisation de Booxi permet de s&#039;adapter pleinement \u00e0 chaque entreprise, d&#039;une consultation beaut\u00e9, une exp\u00e9rience shopping personnalis\u00e9e, \u00e0 une location de v\u00e9lo.<\/p>\n<p>Le Drive-to-store cr\u00e9\u00e9 par Booxi augmente votre trafic en magasin et donc vos ventes, car 90% de clients qui prennent rendez-vous effectuent un achat.<\/p>\n<p>Compl\u00e9t\u00e9 par la gestion des rappels, Booxi \u00e9limine les no-shows en automatisant les rappels par email ou SMS.<\/p>\n<\/div>\n<div class=\"left-content-box pt-3\">\n<h3 class=\"title position-relative\"><i class=\"arrow-icon\"><br \/>\n<img decoding=\"async\" src=\"https:\/\/www.altavantconsulting.com\/wp-content\/themes\/twentyfifteen\/images\/red-arrow.png\" alt=\"\" \/><br \/>\n<\/i><br \/>\n<strong>02. Appointment management:<\/strong><\/h3>\n<p>G\u00e9rez les rendez-vous et la disponibilit\u00e9, qu&#039;il s&#039;agisse d&#039;un seul emplacement ou de milliers.<\/p>\n<p>En d\u00e9finissant vos r\u00e8gles de r\u00e9servation par d\u00e9faut par magasin ou dans toute l&#039;entreprise, vous avez le contr\u00f4le total. \u00b0 Avec un acc\u00e8s direct \u00e0 Calendar, vous cr\u00e9ez une visibilit\u00e9 pour les managers sur la disponibilit\u00e9 du personnel et des ressources pour s&#039;adapter au mieux \u00e0 vos clients.<\/p>\n<p>Client : peut garder une trace de l&#039;historique de r\u00e9servation de vos clients et des notes d\u00e9taill\u00e9es qui ont \u00e9t\u00e9 ajout\u00e9es, ce qui vous permet de cr\u00e9er un suivi personnalis\u00e9 avec vos clients.<\/p>\n<p>Gestion des ressources : certains rendez-vous n\u00e9cessitant des ressources mat\u00e9rielles pour \u00eatre r\u00e9alis\u00e9es, comme une salle ou un \u00e9quipement particulier, Booxi peut les associer \u00e0 votre service pour recouper leurs disponibilit\u00e9s.<\/p>\n<p>Acc\u00e8s back-office \u00e0 tous les appareils : T\u00e9l\u00e9chargez Booxi sur votre t\u00e9l\u00e9phone pour acc\u00e9der au back-office de n&#039;importe o\u00f9 et avoir toujours le pouls de votre emploi du temps.<\/p>\n<\/div>\n<\/div>\n<div class=\"col-lg-6 col-md-6 col-sm-12 col-xs-12 wow fadeInLeft\">\n<div class=\"content-list mt-0\">\n<div class=\"item\">\n<div class=\"content-box position-relative\">\n<div class=\"content-box-item\">\n<p><i class=\"list-icon\"><img decoding=\"async\" src=\"https:\/\/www.altavantconsulting.com\/wp-content\/themes\/twentyfifteen\/images\/check-icon.png\" alt=\"\" \/><\/i><\/p>\n<h3>Avantages<\/h3>\n<ul>\n<li>\u00c9liminez les absences en automatisant les rappels par e-mail ou SMS.<\/li>\n<li>D\u00e9finissez vos propres r\u00e8gles de r\u00e9servation par d\u00e9faut par magasin ou dans toute l&#039;entreprise.<\/li>\n<li>Soyez op\u00e9rationnel en quelques semaines, et non en quelques mois.<\/li>\n<li>Des donn\u00e9es \u00e0 port\u00e9e de main\u00a0; obtenir des informations puissantes.<\/li>\n<li>Set individual availability for your staff and associate them to specific services that they<br \/>\noffer<\/li>\n<li>Associate room or special equipment to appointments to cross reference their<br \/>\navailability.<\/li>\n<li>Integration to connect with Booxi: Heyday, Stripe, Adobe campaign, Cegid, Apple<br \/>\nCalendar, Magento, Salesforce Marketing Cloud, Square, Sendgrid, Google Calendar, Lightspeed.<\/li>\n<\/ul>\n<\/div>\n<\/div>\n<\/div>\n<\/div>\n<\/div>\n<\/div>\n<\/div>\n<\/section>","protected":false},"excerpt":{"rendered":"<p>Let&#8217;s make appointments easy Make commerce more Human The easiest way for your customers to book online: Booxi is the ultimate tool to manage appointments We believe that your business&#8217;s biggest asset is your people, and our goal is to facilitate your connection with customers. Our feature set and pricing adapt for the needs of &hellip; <a href=\"https:\/\/altavantconsulting.com\/fr\/booxi-old-2\/\" class=\"more-link\">Continuer la lecture de <span class=\"screen-reader-text\">Booxi &#8211; Clienteling<\/span><\/a><\/p>","protected":false},"author":10,"featured_media":0,"parent":0,"menu_order":0,"comment_status":"closed","ping_status":"closed","template":"","meta":{"footnotes":""},"class_list":["post-250","page","type-page","status-publish","hentry"],"yoast_head":"<!-- This site is optimized with the Yoast SEO plugin v27.5 - https:\/\/yoast.com\/product\/yoast-seo-wordpress\/ -->\n<title>Booxi - Clienteling - Altavant \u2013 Retail &amp; Inventory Optimization Experts<\/title>\n<meta name=\"robots\" content=\"index, follow, max-snippet:-1, max-image-preview:large, max-video-preview:-1\" \/>\n<link rel=\"canonical\" href=\"https:\/\/altavantconsulting.com\/fr\/booxi-old-2\/\" \/>\n<meta property=\"og:locale\" content=\"fr_FR\" \/>\n<meta property=\"og:type\" content=\"article\" \/>\n<meta property=\"og:title\" content=\"Booxi - Clienteling - Altavant \u2013 Retail &amp; Inventory Optimization Experts\" \/>\n<meta property=\"og:description\" content=\"Let&#8217;s make appointments easy Make commerce more Human The easiest way for your customers to book online: Booxi is the ultimate tool to manage appointments We believe that your business&#8217;s biggest asset is your people, and our goal is to facilitate your connection with customers. Our feature set and pricing adapt for the needs of &hellip; Continuer la lecture de Booxi &#8211; Clienteling\" \/>\n<meta property=\"og:url\" content=\"https:\/\/altavantconsulting.com\/fr\/booxi-old-2\/\" \/>\n<meta property=\"og:site_name\" content=\"Altavant \u2013 Retail &amp; Inventory Optimization Experts\" \/>\n<meta property=\"article:modified_time\" content=\"2024-08-06T05:59:25+00:00\" \/>\n<meta property=\"og:image\" content=\"https:\/\/www.altavantconsulting.com\/wp-content\/uploads\/2021\/07\/inner-page-pt.png\" \/>\n<meta name=\"twitter:card\" content=\"summary_large_image\" \/>\n<meta name=\"twitter:label1\" content=\"Dur\u00e9e de lecture estim\u00e9e\" \/>\n\t<meta name=\"twitter:data1\" content=\"6 minutes\" \/>\n<!-- \/ Yoast SEO plugin. -->","yoast_head_json":{"title":"Booxi - Clienteling - Altavant \u2013 Retail &amp; Inventory Optimization Experts","robots":{"index":"index","follow":"follow","max-snippet":"max-snippet:-1","max-image-preview":"max-image-preview:large","max-video-preview":"max-video-preview:-1"},"canonical":"https:\/\/altavantconsulting.com\/fr\/booxi-old-2\/","og_locale":"fr_FR","og_type":"article","og_title":"Booxi - Clienteling - Altavant \u2013 Retail &amp; Inventory Optimization Experts","og_description":"Let&#8217;s make appointments easy Make commerce more Human The easiest way for your customers to book online: Booxi is the ultimate tool to manage appointments We believe that your business&#8217;s biggest asset is your people, and our goal is to facilitate your connection with customers. Our feature set and pricing adapt for the needs of &hellip; Continuer la lecture de Booxi &#8211; Clienteling","og_url":"https:\/\/altavantconsulting.com\/fr\/booxi-old-2\/","og_site_name":"Altavant \u2013 Retail &amp; Inventory Optimization Experts","article_modified_time":"2024-08-06T05:59:25+00:00","og_image":[{"url":"https:\/\/www.altavantconsulting.com\/wp-content\/uploads\/2021\/07\/inner-page-pt.png","type":"","width":"","height":""}],"twitter_card":"summary_large_image","twitter_misc":{"Dur\u00e9e de lecture estim\u00e9e":"6 minutes"},"schema":{"@context":"https:\/\/schema.org","@graph":[{"@type":"WebPage","@id":"https:\/\/altavantconsulting.com\/booxi-old-2\/","url":"https:\/\/altavantconsulting.com\/booxi-old-2\/","name":"Booxi - Clienteling - Altavant \u2013 Retail &amp; Inventory Optimization Experts","isPartOf":{"@id":"https:\/\/altavantconsulting.com\/#website"},"primaryImageOfPage":{"@id":"https:\/\/altavantconsulting.com\/booxi-old-2\/#primaryimage"},"image":{"@id":"https:\/\/altavantconsulting.com\/booxi-old-2\/#primaryimage"},"thumbnailUrl":"https:\/\/www.altavantconsulting.com\/wp-content\/uploads\/2021\/07\/inner-page-pt.png","datePublished":"2022-05-25T11:49:00+00:00","dateModified":"2024-08-06T05:59:25+00:00","breadcrumb":{"@id":"https:\/\/altavantconsulting.com\/booxi-old-2\/#breadcrumb"},"inLanguage":"fr-FR","potentialAction":[{"@type":"ReadAction","target":["https:\/\/altavantconsulting.com\/booxi-old-2\/"]}]},{"@type":"ImageObject","inLanguage":"fr-FR","@id":"https:\/\/altavantconsulting.com\/booxi-old-2\/#primaryimage","url":"https:\/\/www.altavantconsulting.com\/wp-content\/uploads\/2021\/07\/inner-page-pt.png","contentUrl":"https:\/\/www.altavantconsulting.com\/wp-content\/uploads\/2021\/07\/inner-page-pt.png"},{"@type":"BreadcrumbList","@id":"https:\/\/altavantconsulting.com\/booxi-old-2\/#breadcrumb","itemListElement":[{"@type":"ListItem","position":1,"name":"Home","item":"https:\/\/altavantconsulting.com\/"},{"@type":"ListItem","position":2,"name":"Booxi &#8211; Clienteling"}]},{"@type":"WebSite","@id":"https:\/\/altavantconsulting.com\/#website","url":"https:\/\/altavantconsulting.com\/","name":"Altavant \u2013 Retail &amp; Inventory Optimization Experts","description":"Powering supply chains with accurate inventory, faster fulfillment, and fewer stockouts","publisher":{"@id":"https:\/\/altavantconsulting.com\/#organization"},"potentialAction":[{"@type":"SearchAction","target":{"@type":"EntryPoint","urlTemplate":"https:\/\/altavantconsulting.com\/?s={search_term_string}"},"query-input":{"@type":"PropertyValueSpecification","valueRequired":true,"valueName":"search_term_string"}}],"inLanguage":"fr-FR"},{"@type":"Organization","@id":"https:\/\/altavantconsulting.com\/#organization","name":"Altavant","url":"https:\/\/altavantconsulting.com\/","logo":{"@type":"ImageObject","inLanguage":"fr-FR","@id":"https:\/\/altavantconsulting.com\/#\/schema\/logo\/image\/","url":"https:\/\/altavantconsulting.com\/wp-content\/uploads\/2025\/07\/cropped-Altavant-Consulting-Inventory-Management-Service-provider.png","contentUrl":"https:\/\/altavantconsulting.com\/wp-content\/uploads\/2025\/07\/cropped-Altavant-Consulting-Inventory-Management-Service-provider.png","width":248,"height":155,"caption":"Altavant"},"image":{"@id":"https:\/\/altavantconsulting.com\/#\/schema\/logo\/image\/"},"sameAs":["https:\/\/ae.linkedin.com\/company\/altavantconsulting"]}]}},"_links":{"self":[{"href":"https:\/\/altavantconsulting.com\/fr\/wp-json\/wp\/v2\/pages\/250","targetHints":{"allow":["GET"]}}],"collection":[{"href":"https:\/\/altavantconsulting.com\/fr\/wp-json\/wp\/v2\/pages"}],"about":[{"href":"https:\/\/altavantconsulting.com\/fr\/wp-json\/wp\/v2\/types\/page"}],"author":[{"embeddable":true,"href":"https:\/\/altavantconsulting.com\/fr\/wp-json\/wp\/v2\/users\/10"}],"replies":[{"embeddable":true,"href":"https:\/\/altavantconsulting.com\/fr\/wp-json\/wp\/v2\/comments?post=250"}],"version-history":[{"count":6,"href":"https:\/\/altavantconsulting.com\/fr\/wp-json\/wp\/v2\/pages\/250\/revisions"}],"predecessor-version":[{"id":1606,"href":"https:\/\/altavantconsulting.com\/fr\/wp-json\/wp\/v2\/pages\/250\/revisions\/1606"}],"wp:attachment":[{"href":"https:\/\/altavantconsulting.com\/fr\/wp-json\/wp\/v2\/media?parent=250"}],"curies":[{"name":"wp","href":"https:\/\/api.w.org\/{rel}","templated":true}]}}